{"id":14,"date":"2023-01-31T10:27:36","date_gmt":"2023-01-31T09:27:36","guid":{"rendered":"http:\/\/sartanyabezered.hu\/?post_type=product&#038;p=14"},"modified":"2023-01-31T18:07:46","modified_gmt":"2023-01-31T17:07:46","slug":"kolbasz","status":"publish","type":"product","link":"https:\/\/sartanyabezered.hu\/?product=kolbasz","title":{"rendered":"Kolb\u00e1sz"},"content":{"rendered":"<p>F\u00fcst\u00f6lt<\/p>\n","protected":false},"excerpt":{"rendered":"<p>F\u00fcst\u00f6lt<\/p>\n","protected":false},"featured_media":17,"template":"","meta":[],"product_cat":[15],"product_tag":[],"class_list":{"0":"post-14","1":"product","2":"type-product","3":"status-publish","4":"has-post-thumbnail","6":"product_cat-uncategorized","8":"first","9":"instock","10":"shipping-taxable","11":"purchasable","12":"product-type-simple"},"_links":{"self":[{"href":"https:\/\/sartanyabezered.hu\/index.php?rest_route=\/wp\/v2\/product\/14","targetHints":{"allow":["GET"]}}],"collection":[{"href":"https:\/\/sartanyabezered.hu\/index.php?rest_route=\/wp\/v2\/product"}],"about":[{"href":"https:\/\/sartanyabezered.hu\/index.php?rest_route=\/wp\/v2\/types\/product"}],"wp:featuredmedia":[{"embeddable":true,"href":"https:\/\/sartanyabezered.hu\/index.php?rest_route=\/wp\/v2\/media\/17"}],"wp:attachment":[{"href":"https:\/\/sartanyabezered.hu\/index.php?rest_route=%2Fwp%2Fv2%2Fmedia&parent=14"}],"wp:term":[{"taxonomy":"product_cat","embeddable":true,"href":"https:\/\/sartanyabezered.hu\/index.php?rest_route=%2Fwp%2Fv2%2Fproduct_cat&post=14"},{"taxonomy":"product_tag","embeddable":true,"href":"https:\/\/sartanyabezered.hu\/index.php?rest_route=%2Fwp%2Fv2%2Fproduct_tag&post=14"}],"curies":[{"name":"wp","href":"https:\/\/api.w.org\/{rel}","templated":true}]}}