{"id":12,"date":"2023-01-31T01:33:07","date_gmt":"2023-01-31T01:33:07","guid":{"rendered":"http:\/\/sartanyabezered.hu\/?product=hoodie-with-logo"},"modified":"2023-01-31T18:07:46","modified_gmt":"2023-01-31T17:07:46","slug":"hoodie-with-logo","status":"publish","type":"product","link":"https:\/\/sartanyabezered.hu\/?product=hoodie-with-logo","title":{"rendered":"Szal\u00e1mi"},"content":{"rendered":"<p>F\u00fcst\u00f6lt szal\u00e1mi 0,6kg<\/p>\n","protected":false},"excerpt":{"rendered":"<p>F\u00fcst\u00f6lt szal\u00e1mi<\/p>\n","protected":false},"featured_media":15,"template":"","meta":[],"product_cat":[17],"product_tag":[],"class_list":{"0":"post-12","1":"product","2":"type-product","3":"status-publish","4":"has-post-thumbnail","6":"product_cat-hoodies","8":"first","9":"instock","10":"shipping-taxable","11":"purchasable","12":"product-type-simple"},"_links":{"self":[{"href":"https:\/\/sartanyabezered.hu\/index.php?rest_route=\/wp\/v2\/product\/12","targetHints":{"allow":["GET"]}}],"collection":[{"href":"https:\/\/sartanyabezered.hu\/index.php?rest_route=\/wp\/v2\/product"}],"about":[{"href":"https:\/\/sartanyabezered.hu\/index.php?rest_route=\/wp\/v2\/types\/product"}],"wp:featuredmedia":[{"embeddable":true,"href":"https:\/\/sartanyabezered.hu\/index.php?rest_route=\/wp\/v2\/media\/15"}],"wp:attachment":[{"href":"https:\/\/sartanyabezered.hu\/index.php?rest_route=%2Fwp%2Fv2%2Fmedia&parent=12"}],"wp:term":[{"taxonomy":"product_cat","embeddable":true,"href":"https:\/\/sartanyabezered.hu\/index.php?rest_route=%2Fwp%2Fv2%2Fproduct_cat&post=12"},{"taxonomy":"product_tag","embeddable":true,"href":"https:\/\/sartanyabezered.hu\/index.php?rest_route=%2Fwp%2Fv2%2Fproduct_tag&post=12"}],"curies":[{"name":"wp","href":"https:\/\/api.w.org\/{rel}","templated":true}]}}